{"id":83,"date":"2018-01-17T21:10:16","date_gmt":"2018-01-17T20:10:16","guid":{"rendered":"https:\/\/smart.swiss\/?page_id=83"},"modified":"2023-03-07T18:13:04","modified_gmt":"2023-03-07T17:13:04","slug":"dienstleistungen","status":"publish","type":"page","link":"https:\/\/smart.swiss\/?page_id=83","title":{"rendered":"Dienstleistungen"},"content":{"rendered":"<p>[et_pb_section bb_built=&#8220;1&#8243; admin_label=&#8220;section&#8220;][et_pb_row admin_label=&#8220;row&#8220;][et_pb_column type=&#8220;4_4&#8243;][et_pb_text admin_label=&#8220;Text&#8220; background_layout=&#8220;light&#8220; text_orientation=&#8220;left&#8220; use_border_color=&#8220;off&#8220; border_color=&#8220;#ffffff&#8220; border_style=&#8220;solid&#8220;]<\/p>\n<h1 style=\"text-align: center;\"><strong>Technik in allen Geb\u00e4uden neu definieren<\/strong><\/h1>\n<p>[\/et_pb_text][et_pb_divider admin_label=&#8220;Teiler&#8220; color=&#8220;#000000&#8243; show_divider=&#8220;off&#8220; divider_style=&#8220;solid&#8220; divider_position=&#8220;top&#8220; hide_on_mobile=&#8220;on&#8220; \/][\/et_pb_column][\/et_pb_row][et_pb_row admin_label=&#8220;Zeile&#8220;][et_pb_column type=&#8220;4_4&#8243;][et_pb_text admin_label=&#8220;Text&#8220; background_layout=&#8220;light&#8220; text_orientation=&#8220;left&#8220; use_border_color=&#8220;off&#8220; border_color=&#8220;#ffffff&#8220; border_style=&#8220;solid&#8220;]<\/p>\n<h4><strong>1.) Digitales Gel\u00e4ndemodell<\/strong><\/h4>\n<p>[\/et_pb_text][et_pb_text admin_label=&#8220;Text&#8220; background_layout=&#8220;light&#8220; text_orientation=&#8220;left&#8220; use_border_color=&#8220;off&#8220; border_color=&#8220;#ffffff&#8220; border_style=&#8220;solid&#8220;]<\/p>\n<div>\n<div>Erstellen eines digitalen Gel\u00e4ndemodells mittels Einsatz einer Drohne. Das digitale Gel\u00e4ndemodell dient als Basis f\u00fcr das BIM-Modell zum Erstellen von Massen- und Mengenausz\u00fcgen f\u00fcr die Ausschreibung. Das digitale Gel\u00e4ndemodell wird mittels photogrammetrischer Software erstellt und zeigt die Gel\u00e4ndeoberfl\u00e4che vor Beginn der Arbeiten massstabsgetreu in Bildform dar und kann als Beweissicherung dienen.<\/div>\n<\/div>\n<p>[\/et_pb_text][\/et_pb_column][\/et_pb_row][et_pb_row admin_label=&#8220;Zeile&#8220;][et_pb_column type=&#8220;4_4&#8243;][et_pb_text admin_label=&#8220;Text&#8220; background_layout=&#8220;light&#8220; text_orientation=&#8220;left&#8220; use_border_color=&#8220;off&#8220; border_color=&#8220;#ffffff&#8220; border_style=&#8220;solid&#8220;]<\/p>\n<h4><strong>2.) Bauablauf-Simulation<\/strong><\/h4>\n<p>[\/et_pb_text][et_pb_text admin_label=&#8220;Text&#8220; background_layout=&#8220;light&#8220; text_orientation=&#8220;left&#8220; use_border_color=&#8220;off&#8220; border_color=&#8220;#ffffff&#8220; border_style=&#8220;solid&#8220;]<\/p>\n<div>Punktuelles Erstellen eines 4D-BIM-Teilmodells zur Simulation von komplexen Situationen um Bauablauffehler und Planungsfehler aufzudecken.<\/div>\n<p>[\/et_pb_text][\/et_pb_column][\/et_pb_row][et_pb_row admin_label=&#8220;Zeile&#8220;][et_pb_column type=&#8220;4_4&#8243;][et_pb_text admin_label=&#8220;Text&#8220; background_layout=&#8220;light&#8220; text_orientation=&#8220;left&#8220; use_border_color=&#8220;off&#8220; border_color=&#8220;#ffffff&#8220; border_style=&#8220;solid&#8220;]<\/p>\n<h4><strong>3.) Digitaler Baufortschritt Rohbau<\/strong><\/h4>\n<p>[\/et_pb_text][et_pb_text admin_label=&#8220;Text&#8220; background_layout=&#8220;light&#8220; text_orientation=&#8220;left&#8220; use_border_color=&#8220;off&#8220; border_color=&#8220;#ffffff&#8220; border_style=&#8220;solid&#8220;]<\/p>\n<div>\n<div>Erstellen eines 3D-Modells der Baustelle in regelm\u00e4ssigen Abst\u00e4nden mittels Krankamera. Die Fotos werden mit der Krankamera beispielsweise jeden Abend erstellt und nachts mit einer photogrammetrischen Software aufbereitet. Das 3D-Modell wird f\u00fcr Koordinationssitzungen verwendet und dient zur \u00dcberpr\u00fcfung von Ausmassen.<\/div>\n<\/div>\n<p>[\/et_pb_text][\/et_pb_column][\/et_pb_row][et_pb_row admin_label=&#8220;Zeile&#8220;][et_pb_column type=&#8220;4_4&#8243;][et_pb_text admin_label=&#8220;Text&#8220; background_layout=&#8220;light&#8220; text_orientation=&#8220;left&#8220; use_border_color=&#8220;off&#8220; border_color=&#8220;#ffffff&#8220; border_style=&#8220;solid&#8220;]<\/p>\n<h4><strong>4.) Digitaler Baufortschritt Ausbau<\/strong><\/h4>\n<p>[\/et_pb_text][et_pb_text admin_label=&#8220;Text&#8220; background_layout=&#8220;light&#8220; text_orientation=&#8220;left&#8220; use_border_color=&#8220;off&#8220; border_color=&#8220;#ffffff&#8220; border_style=&#8220;solid&#8220;]<\/p>\n<div>\n<div>Erstellen von 360\u00b0 Fotos in regelm\u00e4ssigen Abst\u00e4nden und verkn\u00fcpfen mit dem BIM-Modell. Die 360\u00b0-Fotos werden beispielsweise vor den jeweiligen Koordinationssitzungen verwendet und dienen als Basis f\u00fcr die Sitzungen statt konventioneller Pl\u00e4ne. Durch \u00dcberlagerung mit dem 4D-BIM-Modell kann der Soll \/ Ist-Vergleich vorgenommen werden. Zudem k\u00f6nnen die 360\u00b0-Fotos als Kontrolle f\u00fcr Ausmasse herangezogen werden.<\/div>\n<\/div>\n<p>[\/et_pb_text][\/et_pb_column][\/et_pb_row][et_pb_row admin_label=&#8220;Zeile&#8220;][et_pb_column type=&#8220;4_4&#8243;][et_pb_text admin_label=&#8220;Text&#8220; background_layout=&#8220;light&#8220; text_orientation=&#8220;left&#8220; use_border_color=&#8220;off&#8220; border_color=&#8220;#ffffff&#8220; border_style=&#8220;solid&#8220;]<\/p>\n<h4><strong>\u00a05.) 5D-Modell<\/strong><\/h4>\n<p>[\/et_pb_text][et_pb_text admin_label=&#8220;Text&#8220; background_layout=&#8220;light&#8220; text_orientation=&#8220;left&#8220; use_border_color=&#8220;off&#8220; border_color=&#8220;#ffffff&#8220; border_style=&#8220;solid&#8220;]<\/p>\n<div>\n<div>Erstellen eines 5D-BIM-Modells zur Kostenkontrolle auf Basis des Baufortschritts (4D).<\/div>\n<\/div>\n<p>[\/et_pb_text][\/et_pb_column][\/et_pb_row][et_pb_row admin_label=&#8220;Zeile&#8220;][et_pb_column type=&#8220;4_4&#8243;][et_pb_text admin_label=&#8220;Text&#8220; background_layout=&#8220;light&#8220; text_orientation=&#8220;left&#8220; use_border_color=&#8220;off&#8220; border_color=&#8220;#ffffff&#8220; border_style=&#8220;solid&#8220;]<\/p>\n<h4><strong>6.) Bauwerksdaten-Server<\/strong><\/h4>\n<p>[\/et_pb_text][et_pb_text admin_label=&#8220;Text&#8220; background_layout=&#8220;light&#8220; text_orientation=&#8220;left&#8220; use_border_color=&#8220;off&#8220; border_color=&#8220;#ffffff&#8220; border_style=&#8220;solid&#8220;]<\/p>\n<div>\n<div>Cloud basierte Plattform zur Ablage und Verwaltung von IFC-Files sowie der Erfassung IFC basierter Modelldaten zur weiteren Auswertung mit Deep Learning Algorithmen. Alle bauwerksrelevanten Daten einschliesslich der IFC-Modelle werden in dem Datenbanksystem erfasst und dienen der Nutzung sowohl in der Planungs- und Realisierungsphase als auch w\u00e4hren der Nutzungsphase.<\/div>\n<\/div>\n<p>[\/et_pb_text][\/et_pb_column][\/et_pb_row][et_pb_row admin_label=&#8220;Zeile&#8220;][et_pb_column type=&#8220;4_4&#8243;][et_pb_text admin_label=&#8220;Text&#8220; background_layout=&#8220;light&#8220; text_orientation=&#8220;left&#8220; use_border_color=&#8220;off&#8220; border_color=&#8220;#ffffff&#8220; border_style=&#8220;solid&#8220;]<\/p>\n<h4><strong>7.) Erfassen LoD 500 (As Built)<\/strong><\/h4>\n<p>[\/et_pb_text][et_pb_text admin_label=&#8220;Text&#8220; background_layout=&#8220;light&#8220; text_orientation=&#8220;left&#8220; use_border_color=&#8220;off&#8220; border_color=&#8220;#ffffff&#8220; border_style=&#8220;solid&#8220;]<\/p>\n<div>\n<div>\n<div>Dokumentieren des 3D-Modells in Form des LoD 500 (As Built) als Basis f\u00fcr den Betrieb und Unterhalt des Geb\u00e4udes. Zus\u00e4tzlich dienen 360\u00b0 Bilder als Informationsquellen f\u00fcr Umbauten oder Nutzungs\u00e4nderungen. Auch dient das Modell f\u00fcr die Mieter\u00fcbergabe f\u00fcr die Dokumentation von Auff\u00e4lligkeiten und M\u00e4ngeln.<\/div>\n<\/div>\n<\/div>\n<p>[\/et_pb_text][\/et_pb_column][\/et_pb_row][et_pb_row admin_label=&#8220;Zeile&#8220;][et_pb_column type=&#8220;4_4&#8243;][et_pb_text admin_label=&#8220;Text&#8220; background_layout=&#8220;light&#8220; text_orientation=&#8220;left&#8220; use_border_color=&#8220;off&#8220; border_color=&#8220;#ffffff&#8220; border_style=&#8220;solid&#8220;]<\/p>\n<h4><strong>8.) Digitales Pendenzen- und M\u00e4ngelmanagement<\/strong><\/h4>\n<p>[\/et_pb_text][et_pb_text admin_label=&#8220;Text&#8220; background_layout=&#8220;light&#8220; text_orientation=&#8220;left&#8220; use_border_color=&#8220;off&#8220; border_color=&#8220;#ffffff&#8220; border_style=&#8220;solid&#8220;]<\/p>\n<div>\n<div>\n<div>Dokumentieren und \u00fcberwachen aller Pendenzen und M\u00e4ngel auf der Baustelle mit Tablet und modernster Software gegebenenfalls kombiniert mit 3.) und 4.)<\/div>\n<\/div>\n<\/div>\n<p>[\/et_pb_text][\/et_pb_column][\/et_pb_row][et_pb_row admin_label=&#8220;Zeile&#8220;][et_pb_column type=&#8220;4_4&#8243;][et_pb_text admin_label=&#8220;Text&#8220; background_layout=&#8220;light&#8220; text_orientation=&#8220;left&#8220; use_border_color=&#8220;off&#8220; border_color=&#8220;#ffffff&#8220; border_style=&#8220;solid&#8220;]<\/p>\n<h4><strong>9.) Digitales Planmangement<\/strong><\/h4>\n<p>[\/et_pb_text][et_pb_text admin_label=&#8220;Text&#8220; background_layout=&#8220;light&#8220; text_orientation=&#8220;left&#8220; use_border_color=&#8220;off&#8220; border_color=&#8220;#ffffff&#8220; border_style=&#8220;solid&#8220;]<\/p>\n<div>\n<div>\n<div>\n<div>Genehmigungsworkflow und Versionskontrolle aller Fachmodelle mittels Cloud-L\u00f6sung<\/div>\n<\/div>\n<\/div>\n<\/div>\n<p>[\/et_pb_text][\/et_pb_column][\/et_pb_row][et_pb_row admin_label=&#8220;Zeile&#8220;][et_pb_column type=&#8220;4_4&#8243;][et_pb_text admin_label=&#8220;Text&#8220; background_layout=&#8220;light&#8220; text_orientation=&#8220;left&#8220; use_border_color=&#8220;off&#8220; border_color=&#8220;#ffffff&#8220; border_style=&#8220;solid&#8220;]<\/p>\n<h4><strong>10.) Digitales Baujournal<\/strong><strong>\u00a0<\/strong><\/h4>\n<p>[\/et_pb_text][et_pb_text admin_label=&#8220;Text&#8220; background_layout=&#8220;light&#8220; text_orientation=&#8220;left&#8220; use_border_color=&#8220;off&#8220; border_color=&#8220;#ffffff&#8220; border_style=&#8220;solid&#8220;]<\/p>\n<div>\n<div>\n<div>\n<div>\n<div>Komfortables erfassen des digitalen Baujournals zur l\u00fcckenlosen Dokumentation des Bauablaufs mittels Tablet.<\/div>\n<\/div>\n<\/div>\n<\/div>\n<\/div>\n<p>[\/et_pb_text][\/et_pb_column][\/et_pb_row][et_pb_row admin_label=&#8220;Zeile&#8220;][et_pb_column type=&#8220;4_4&#8243;][et_pb_text admin_label=&#8220;Text&#8220; background_layout=&#8220;light&#8220; text_orientation=&#8220;left&#8220; use_border_color=&#8220;off&#8220; border_color=&#8220;#ffffff&#8220; border_style=&#8220;solid&#8220;]<\/p>\n<h4><strong>11.) Visualisierungen<\/strong><\/h4>\n<p>[\/et_pb_text][et_pb_text admin_label=&#8220;Text&#8220; background_layout=&#8220;light&#8220; text_orientation=&#8220;left&#8220; use_border_color=&#8220;off&#8220; border_color=&#8220;#ffffff&#8220; border_style=&#8220;solid&#8220;]<\/p>\n<div>\n<div>\n<div>\n<div>\n<div>\n<div>VR-, AR und Mixed Reality-Modelle f\u00fcr Marketingzwecke und zu Pr\u00e4sentationszwecke.<\/div>\n<\/div>\n<\/div>\n<\/div>\n<\/div>\n<\/div>\n<p>[\/et_pb_text][\/et_pb_column][\/et_pb_row][et_pb_row admin_label=&#8220;Zeile&#8220;][et_pb_column type=&#8220;4_4&#8243;][et_pb_text admin_label=&#8220;Text&#8220; background_layout=&#8220;light&#8220; text_orientation=&#8220;left&#8220; use_border_color=&#8220;off&#8220; border_color=&#8220;#ffffff&#8220; border_style=&#8220;solid&#8220;]<\/p>\n<h4><strong>12.) Investitionsmodelle<\/strong><\/h4>\n<p>[\/et_pb_text][et_pb_text admin_label=&#8220;Text&#8220; background_layout=&#8220;light&#8220; text_orientation=&#8220;left&#8220; use_border_color=&#8220;off&#8220; border_color=&#8220;#ffffff&#8220; border_style=&#8220;solid&#8220;]<\/p>\n<div>\n<div>\n<div>\n<div>\n<div>\n<div>\n<div>Erstellen von Investitionsmodellen auf Basis beispielsweise der City-Engine von ESRI sowie anbinden weiterer Datenquellen zur Bedarfsermittlung und Prognosen der Rentabilit\u00e4t.<\/div>\n<\/div>\n<\/div>\n<\/div>\n<\/div>\n<\/div>\n<\/div>\n<p>[\/et_pb_text][\/et_pb_column][\/et_pb_row][\/et_pb_section]<\/p>\n","protected":false},"excerpt":{"rendered":"<p>Technik in allen Geb\u00e4uden neu definieren 1.) Digitales Gel\u00e4ndemodell Erstellen eines digitalen Gel\u00e4ndemodells mittels Einsatz einer Drohne. Das digitale Gel\u00e4ndemodell dient als Basis f\u00fcr das BIM-Modell zum Erstellen von Massen- und Mengenausz\u00fcgen f\u00fcr die Ausschreibung. Das digitale Gel\u00e4ndemodell wird mittels photogrammetrischer Software erstellt und zeigt die Gel\u00e4ndeoberfl\u00e4che vor Beginn der Arbeiten massstabsgetreu in Bildform dar [&hellip;]<\/p>\n","protected":false},"author":1,"featured_media":0,"parent":0,"menu_order":0,"comment_status":"closed","ping_status":"closed","template":"","meta":{"_et_pb_use_builder":"on","_et_pb_old_content":"","_et_gb_content_width":"","footnotes":""},"class_list":["post-83","page","type-page","status-publish","hentry"],"_links":{"self":[{"href":"https:\/\/smart.swiss\/index.php?rest_route=\/wp\/v2\/pages\/83","targetHints":{"allow":["GET"]}}],"collection":[{"href":"https:\/\/smart.swiss\/index.php?rest_route=\/wp\/v2\/pages"}],"about":[{"href":"https:\/\/smart.swiss\/index.php?rest_route=\/wp\/v2\/types\/page"}],"author":[{"embeddable":true,"href":"https:\/\/smart.swiss\/index.php?rest_route=\/wp\/v2\/users\/1"}],"replies":[{"embeddable":true,"href":"https:\/\/smart.swiss\/index.php?rest_route=%2Fwp%2Fv2%2Fcomments&post=83"}],"version-history":[{"count":10,"href":"https:\/\/smart.swiss\/index.php?rest_route=\/wp\/v2\/pages\/83\/revisions"}],"predecessor-version":[{"id":96,"href":"https:\/\/smart.swiss\/index.php?rest_route=\/wp\/v2\/pages\/83\/revisions\/96"}],"wp:attachment":[{"href":"https:\/\/smart.swiss\/index.php?rest_route=%2Fwp%2Fv2%2Fmedia&parent=83"}],"curies":[{"name":"wp","href":"https:\/\/api.w.org\/{rel}","templated":true}]}}